{"id":2188,"date":"2020-02-25T11:24:41","date_gmt":"2020-02-25T11:24:41","guid":{"rendered":"https:\/\/www.poba.hr\/?page_id=2188"},"modified":"2024-01-05T10:23:43","modified_gmt":"2024-01-05T10:23:43","slug":"contact-us","status":"publish","type":"page","link":"https:\/\/www.poba.hr\/en\/contact-us\/","title":{"rendered":"Contact Us"},"content":{"rendered":"<div class=\"wrapper\">\n    <div class=\"container\">\n    \t<div class=\"am2-descriptive narrow-width__v1\"> \n\t\t    <h2>INFO CENTER<\/h2>\t\t        \n\t\t<\/div>\n\t<\/div>\n<\/div><div class=\"wrapper\">\n    <div class=\"container\">\n    \t<div class=\"am2-content narrow-width__v1 \">\n\t\t    \t\t        <div class=\"col-1\">\n\t\t            \n<div class=\"wpcf7 no-js\" id=\"wpcf7-f2199-o1\" lang=\"en-US\" dir=\"ltr\" data-wpcf7-id=\"2199\">\n<div class=\"screen-reader-response\"><p role=\"status\" aria-live=\"polite\" aria-atomic=\"true\"><\/p> <ul><\/ul><\/div>\n<form action=\"\/en\/wp-json\/wp\/v2\/pages\/2188#wpcf7-f2199-o1\" method=\"post\" class=\"wpcf7-form init\" aria-label=\"Contact form\" novalidate=\"novalidate\" data-status=\"init\">\n<fieldset class=\"hidden-fields-container\"><input type=\"hidden\" name=\"_wpcf7\" value=\"2199\" \/><input type=\"hidden\" name=\"_wpcf7_version\" value=\"6.1.5\" \/><input type=\"hidden\" name=\"_wpcf7_locale\" value=\"en_US\" \/><input type=\"hidden\" name=\"_wpcf7_unit_tag\" value=\"wpcf7-f2199-o1\" \/><input type=\"hidden\" name=\"_wpcf7_container_post\" value=\"0\" \/><input type=\"hidden\" name=\"_wpcf7_posted_data_hash\" value=\"\" \/>\n<\/fieldset>\n<div class=\"wpcf7-turnstile cf-turnstile\" data-sitekey=\"0x4AAAAAAB6tZ2Mcmu_sO_YK\" data-response-field-name=\"_wpcf7_turnstile_response\"><\/div>\n\n<div class=\"col-1\">\n\t<div class=\"col-12 form__row-col\">\n\t\t<p><label>Name and Last name \/ Company *<br \/>\n<span class=\"wpcf7-form-control-wrap\" data-name=\"your-name\"><input size=\"40\" maxlength=\"400\" class=\"wpcf7-form-control wpcf7-text wpcf7-validates-as-required\" aria-required=\"true\" aria-invalid=\"false\" value=\"\" type=\"text\" name=\"your-name\" \/><\/span> <\/label>\n\t\t<\/p>\n\t<\/div>\n\t<div class=\"col-12 form__row-col\">\n\t\t<p><label>Select a branch<br \/>\n<span class=\"wpcf7-form-control-wrap\" data-name=\"odaberi_poslovnicu\"><select class=\"wpcf7-form-control wpcf7-select wpcf7-validates-as-required\" aria-required=\"true\" aria-invalid=\"false\" name=\"odaberi_poslovnicu\"><option value=\"\">&#8212;Please choose an option&#8212;<\/option><option value=\"BJELOVAR\">BJELOVAR<\/option><option value=\"\u0110ELEKOVEC\">\u0110ELEKOVEC<\/option><option value=\"\u0110UR\u0110EVAC\">\u0110UR\u0110EVAC<\/option><option value=\"GOLA\">GOLA<\/option><option value=\"GRUBI\u0160NO POLJE\">GRUBI\u0160NO POLJE<\/option><option value=\"KOPRIVNICA\">KOPRIVNICA<\/option><option value=\"KRI\u017dEVCI\">KRI\u017dEVCI<\/option><option value=\"KUTJEVO\">KUTJEVO<\/option><option value=\"LEGRAD\">LEGRAD<\/option><option value=\"LUDBREG\">LUDBREG<\/option><option value=\"OSIJEK\">OSIJEK<\/option><option value=\"PLETERNICA\">PLETERNICA<\/option><option value=\"PO\u017dEGA\">PO\u017dEGA<\/option><option value=\"RIJEKA\">RIJEKA<\/option><option value=\"SPLIT\">SPLIT<\/option><option value=\"VARA\u017dDIN\">VARA\u017dDIN<\/option><option value=\"VELIKI GR\u0110EVAC\">VELIKI GR\u0110EVAC<\/option><option value=\"ZADAR\">ZADAR<\/option><option value=\"ZAGREB\">ZAGREB<\/option><\/select><\/span> <\/label>\n\t\t<\/p>\n\t<\/div>\n\t<div class=\"col-12 form__row-col\">\n\t\t<p><label> E-mail<br \/>\n<span class=\"wpcf7-form-control-wrap\" data-name=\"your-email\"><input size=\"40\" maxlength=\"400\" class=\"wpcf7-form-control wpcf7-email wpcf7-validates-as-required wpcf7-text wpcf7-validates-as-email\" aria-required=\"true\" aria-invalid=\"false\" value=\"\" type=\"email\" name=\"your-email\" \/><\/span> <\/label>\n\t\t<\/p>\n\t<\/div>\n<\/div>\n<div class=\"col-1\">\n\t<p><label> Message<br \/>\n<span class=\"wpcf7-form-control-wrap\" data-name=\"your-message\"><textarea cols=\"40\" rows=\"10\" maxlength=\"2000\" class=\"wpcf7-form-control wpcf7-textarea\" aria-invalid=\"false\" name=\"your-message\"><\/textarea><\/span> <\/label>\n\t<\/p>\n\t<p>Podravska banka d.d. We process your personal information in order to continuously improve the quality of the service we provide and the satisfaction of our customers. With your suggestions, objections and compliments you can contribute to further successful cooperation, for which we thank you.<br \/>\nIf you are under the age of 16, we advise you to speak with your parent or guardian before leaving personal information on Podravska banka's website d.d. If you are not sure that you understand something in this section, please contact your parents or guardians for help.\n\t<\/p>\n<\/div>\n<div class=\"form__row-disclamer\">\n\t<p><span class=\"wpcf7-form-control-wrap\" data-name=\"checkbox-115\"><span class=\"wpcf7-form-control wpcf7-acceptance\"><span class=\"wpcf7-list-item\"><label><input type=\"checkbox\" name=\"checkbox-115\" value=\"1\" aria-invalid=\"false\" \/><span class=\"wpcf7-list-item-label\">I confirm that I agree with the <a href=\"https:\/\/www.poba.hr\/uvjeti-koristenja-stranica\/\" target=\"_blank\">Site Terms of Use <\/a><a href=\"https:\/\/www.poba.hr\/izjava-o-zastiti-privatnosti\/\" target=\"_blank\"> and a Privacy Statement<\/a><\/span><\/label><\/span><\/span><\/span>\n\t<\/p>\n<\/div>\n<div class=\"col-1\" style=\"margin-bottom: 15px;\">\n\t<p><span class=\"wpcf7-form-control-wrap kc_captcha\" data-name=\"kc_captcha\"><span class=\"wpcf7-form-control wpcf7-radio\"><span class=\"captcha-image\" ><span class=\"cf7ic_instructions\">Please prove you are human by selecting the<span> star<\/span>.<\/span><label><input aria-label=\"1\" type=\"radio\" name=\"kc_captcha\" value=\"bot\" \/><svg aria-hidden=\"true\" role=\"img\" xmlns=\"http:\/\/www.w3.org\/2000\/svg\" viewBox=\"0 0 576 512\"><path fill=\"currentColor\" d=\"M415 24c-53 0-103 42-127 65-24-23-74-65-127-65C70 24 16 77 16 166c0 72 67 133 69 135l187 181c9 8 23 8 32 0l187-180c2-3 69-64 69-136 0-89-54-142-145-142z\"\/><\/svg><\/label><label><input aria-label=\"2\" type=\"radio\" name=\"kc_captcha\" value=\"kc_human\" \/><svg aria-hidden=\"true\" role=\"img\" xmlns=\"http:\/\/www.w3.org\/2000\/svg\" viewBox=\"0 0 576 512\"><path fill=\"currentColor\" d=\"M259 18l-65 132-146 22c-26 3-37 36-18 54l106 103-25 146c-5 26 23 46 46 33l131-68 131 68c23 13 51-7 46-33l-25-146 106-103c19-18 8-51-18-54l-146-22-65-132a32 32 0 00-58 0z\"\/><\/svg><\/label><label><input aria-label=\"3\" type=\"radio\" name=\"kc_captcha\" value=\"bot\" \/><svg aria-hidden=\"true\" role=\"img\" xmlns=\"http:\/\/www.w3.org\/2000\/svg\" viewBox=\"0 0 640 512\"><path fill=\"currentColor\" d=\"M192 384h192c53 0 96-43 96-96h32a128 128 0 000-256H120c-13 0-24 11-24 24v232c0 53 43 96 96 96zM512 96a64 64 0 010 128h-32V96h32zm48 384H48c-47 0-61-64-36-64h584c25 0 11 64-36 64z\"\/><\/svg><\/label>\r\n    <\/span>\r\n    <span style=\"display:none\">\r\n        <input type=\"text\" name=\"kc_honeypot\">\r\n    <\/span><\/span><\/span>\n\t<\/p>\n<\/div>\n<p><input class=\"wpcf7-form-control wpcf7-submit has-spinner button button--primary\" type=\"submit\" value=\"Send\" \/>\n<\/p>\n<style> form[data-status=\"submitting\"] .ajax-loader {visibility: visible!important;background-image:url('https:\/\/www.poba.hr\/wp-content\/uploads\/2021\/09\/loader.gif'); background-size: cover;width: 25px;height: 25px; display: block; margin: 0 auto;clear: both;} form[data-status=\"submitting\"] .wpcf7-submit {display: none!important;} form[data-status=\"resetting\"] .wpcf7-submit {display: none!important;}\n<\/style><div class=\"wpcf7-response-output\" aria-hidden=\"true\"><\/div>\n<\/form>\n<\/div>\n\n<p><span style=\"font-weight: 400; color: #ff9900;\">CONTACT US &#8211; 072 20 20 20<\/span><\/p>\n<p>Podravska banka is dedicated to providing comprehensive support to its clients through the Info Center, a service designed to offer a wealth of information on various banking aspects. Clients can access details related to transaction accounts, credit conditions, savings interest rates, exchange rates, and other products and services offered by the bank.<\/p>\n<p>For inquiries and assistance, clients can reach the Info Center via telephone at 072 20 20 20. The cost of calls to the 072 area code is equivalent to that of a call to a standard telephone number, and it depends on the tariff package contracted with the individual&#8217;s telecom service provider.<\/p>\n<p>The Info Center operates on weekdays from 7 am to 7 pm and on Saturdays from 8 am to 1 pm. Additionally, clients can connect with the Info Center staff via email at <a href=\"mailto:%20info@poba.hr\" target=\"_blank\" rel=\"noopener\"><strong>info@poba.hr<\/strong><\/a>.<\/p>\n<p>&nbsp;<\/p>\n<p><strong><em>In the unfortunate event of a lost or stolen Podravska Bank debit or credit card, clients have the convenience of reporting such incidents 24 hours a day by contacting the dedicated number 072 600 699. This commitment to accessibility underscores Podravska banka&#8217;s dedication to providing reliable and convenient banking services to its clientele.<\/em><\/strong><\/p>\n\n\t\t        <\/div>\n\t\t    \t\t<\/div>\n\t<\/div>\n<\/div>","protected":false},"excerpt":{"rendered":"<p>INFO CENTER Name and Last name \/ Company * Select a branch &#8212;Please choose an option&#8212;BJELOVAR\u0110ELEKOVEC\u0110UR\u0110EVACGOLAGRUBI\u0160NO POLJEKOPRIVNICAKRI\u017dEVCIKUTJEVOLEGRADLUDBREGOSIJEKPLETERNICAPO\u017dEGARIJEKASPLITVARA\u017dDINVELIKI GR\u0110EVACZADARZAGREB E-mail Message Podravska banka d.d. We process your personal information in order to continuously improve the quality of the service we provide and the satisfaction of our customers. With your suggestions, objections and compliments you can contribute [&hellip;]<\/p>\n","protected":false},"author":80,"featured_media":0,"parent":0,"menu_order":0,"comment_status":"closed","ping_status":"closed","template":"","meta":{"_acf_changed":false,"footnotes":""},"class_list":["post-2188","page","type-page","status-publish","hentry"],"acf":[],"_links":{"self":[{"href":"https:\/\/www.poba.hr\/en\/wp-json\/wp\/v2\/pages\/2188","targetHints":{"allow":["GET"]}}],"collection":[{"href":"https:\/\/www.poba.hr\/en\/wp-json\/wp\/v2\/pages"}],"about":[{"href":"https:\/\/www.poba.hr\/en\/wp-json\/wp\/v2\/types\/page"}],"author":[{"embeddable":true,"href":"https:\/\/www.poba.hr\/en\/wp-json\/wp\/v2\/users\/80"}],"replies":[{"embeddable":true,"href":"https:\/\/www.poba.hr\/en\/wp-json\/wp\/v2\/comments?post=2188"}],"version-history":[{"count":6,"href":"https:\/\/www.poba.hr\/en\/wp-json\/wp\/v2\/pages\/2188\/revisions"}],"predecessor-version":[{"id":35906,"href":"https:\/\/www.poba.hr\/en\/wp-json\/wp\/v2\/pages\/2188\/revisions\/35906"}],"wp:attachment":[{"href":"https:\/\/www.poba.hr\/en\/wp-json\/wp\/v2\/media?parent=2188"}],"curies":[{"name":"wp","href":"https:\/\/api.w.org\/{rel}","templated":true}]}}